{"id":2106,"date":"2021-01-14T15:56:39","date_gmt":"2021-01-14T15:56:39","guid":{"rendered":"https:\/\/www.palhacosdopital.pt\/about-us\/"},"modified":"2025-07-24T11:11:01","modified_gmt":"2025-07-24T11:11:01","slug":"about-us","status":"publish","type":"page","link":"https:\/\/www.pdo.pt\/en\/about-us\/","title":{"rendered":"About Us :)"},"content":{"rendered":"<p>[vc_row][vc_column width=&#8221;1\/6&#8243; css=&#8221;.vc_custom_1467360650255{margin-top: 10px !important;margin-bottom: 10px !important;padding-top: 0px !important;padding-right: 40px !important;}&#8221;][\/vc_column][vc_column width=&#8221;2\/3&#8243;]<div style=\"background-color:;height: 15px\" class=\"nicdark_section  \"><\/div>[vc_column_text el_class=&#8221;nd_options_text_align_center_responsive&#8221;]\ud83c\udfad Palha\u00e7os d\u2019Opital is a non-profit Cultural Association that develops artistic intervention programs dedicated to Older Adults in hospital settings.<\/p>\n<p>\ud83d\udca1 Founded on February 12, 2013, it was a pioneer in Europe by directing the work of Hospital Clowns toward the adult population, focusing on Older Adults \u2014 a group often overlooked, considering that around 92% of such projects worldwide focus on children.<\/p>\n<p>\ud83c\udfe5 We currently operate in 8 partner hospitals:<br \/>\nULS de Matosinhos | IPO Coimbra | ULS Santa Maria | ULS Amadora-Sintra | ULS S\u00e3o Jo\u00e3o | ULS Regi\u00e3o de Leiria | IPO Porto | ULS Santo Ant\u00f3nio<\/p>\n<p>\ud83c\udfaf With a focus on the emotional well-being of patients, in partnership with healthcare professionals, caregivers, and families. We have already reached over 1 million people, directly and indirectly.<\/p>\n<p>\ud83d\udc69\u200d\u2695\ufe0f Our team of 11 Clowns undergoes more than 250 hours of annual continuous training with internationally renowned clowns:<br \/>\nAlex Navarro, Rodrigo Roble\u00f1o, Ami Hattab, Olivier-Hugues Terreault, Pedro Fabi\u00e3o, Academia de M\u00fasica de Coimbra, among others.<\/p>\n<p>\ud83c\udf0d We participate in international conferences and meetings, such as the Healthcare Clowning International Meeting and C2Uexpo (Canada), to ensure excellence in artistic intervention practices with adults.<\/p>\n<p>\ud83c\udfc6 Highlights:<\/p>\n<p>Winners of Portugal 2030: Norte 2030 and Lisboa 2030<\/p>\n<p>Winners of the Fidelidade Comunidade Award 2023<\/p>\n<p>Winners of the Social Investment Capacity Building Program (Portugal 2020)<\/p>\n<p>Winners of the Partnerships for Impact Program (Portugal 2020)<\/p>\n<p>\u2728 We believe that Humour, Joy, Affection, and Art are key allies in the humanization of healthcare.<\/p>\n<p>\u2728 Since 2013, we have worked towards the Valuing and Dignifying of Older Adults.[\/vc_column_text]<div style=\"background-color:;height: 60px\" class=\"nicdark_section  \"><\/div>[\/vc_column][vc_column width=&#8221;1\/6&#8243;][\/vc_column][\/vc_row][vc_row][vc_column width=&#8221;1\/4&#8243; css=&#8221;.vc_custom_1467360650255{margin-top: 10px !important;margin-bottom: 10px !important;padding-top: 0px !important;padding-right: 40px !important;}&#8221;][\/vc_column][vc_column width=&#8221;1\/2&#8243;]\n\n  <!--START TESTIMONIAL-->\n  <div class=\"nd_options_section \">\n                                            \n    <div style=\"background-color:#ff2b46\" class=\"nd_options_section nd_options_padding_40 nd_options_border_radius_3 nd_options_text_align_center nd_options_box_sizing_border_box\">\n      <p class=\"nd_options_color_white nd_options_margin_0_important\">`` They are people who make us feel good! They manage to make a smile on our face, when the eyes want to cry! ``<\/p>\n    <\/div> \n    <div class=\"nd_options_section \">\n      <div style=\"border-top-color:#ff2b46\" class=\"nd_options_margin_auto nd_options_height_0 nd_options_width_0 nd_options_border_style_solid nd_options_border_color_transparent nd_options_border_width_15 nd_options_border_bottom_width_0\"><\/div> \n    <\/div>\n    <div class=\"nd_options_section nd_options_height_20 \"><\/div>\n\n\n    <div class=\"nd_options_section nd_options_text_align_center\">\n      <img decoding=\"async\" width=\"80\" class=\"nd_options_border_radius_100_percentage\" src=\"\"> \n      <div class=\"nd_options_section nd_options_height_20 \"><\/div>\n      <h4 class=\"nd_options_margin_0_important\">Dr. Rui Miguel Cruz<\/h4>\n      <div class=\"nd_options_section nd_options_height_10 \"><\/div>\n      <p class=\"nd_options_margin_0_important\">Admin at Hospital Distrital da Figueira da Foz<\/p>\n    <\/div>  \n\n\n  <\/div>\n  <!--END TESTIMONIAL-->\n\n   [\/vc_column][vc_column width=&#8221;1\/4&#8243;][\/vc_column][\/vc_row][vc_row full_width=&#8221;stretch_row&#8221; content_placement=&#8221;middle&#8221; parallax=&#8221;content-moving&#8221; parallax_image=&#8221;3691&#8243; css=&#8221;.vc_custom_1707146538864{margin-top: 60px !important;padding-top: 100px !important;padding-bottom: 100px !important;}&#8221; el_class=&#8221;nd_options_vc_parallax_filter_1_3&#8243;][vc_column] <h1 style=\"color:#ffffff;padding:px;text-align:center;font-size:40px;line-height:40px;letter-spacing: px;font-weight:bold\" class=\"   nd_options_first_font \">3rd Impact Assessment of the work of Palha\u00e7os d'Opital<\/h1> <div style=\"background-color:;height: 30px\" class=\"nicdark_section  \"><\/div>[vc_column_text el_class=&#8221;nd_options_text_align_center_responsive&#8221;]<\/p>\n<p style=\"text-align: center;\"><span style=\"color: #ffffff;\">Today we need you to find out how we can improve!<\/span><br \/>\n<span style=\"color: #ffffff;\">If you&#8217;ve seen us in action, leave us your review by following the link below<\/span><br \/>\n<span style=\"color: #ffffff;\">We really appreciate your time<\/span><\/p>\n<p>[\/vc_column_text]<div style=\"background-color:;height: 30px\" class=\"nicdark_section  \"><\/div>\n\t<div class=\"nd_options_section nd_options_text_align_center\">\n\t<a style=\"border: px solid;border-radius:100px;letter-spacing:px;line-height:px;font-size:px;background-color:#ffffff;padding:10px 20px;margin:;color:#000000\" rel=\"\" href=\"https:\/\/forms.gle\/nusvXz94cbKSjXV29\" class=\"nicdark_display_inline_block     \">Respond to the form<\/a>\n\t<\/div>\n[\/vc_column][\/vc_row][vc_row full_width=&#8221;stretch_row&#8221; content_placement=&#8221;middle&#8221; parallax=&#8221;content-moving&#8221; parallax_image=&#8221;5286&#8243; css=&#8221;.vc_custom_1753354043721{margin-top: 0px !important;padding-top: 100px !important;padding-bottom: 100px !important;}&#8221; el_class=&#8221;nd_options_vc_parallax_filter_2_2&#8243;][vc_column width=&#8221;1\/2&#8243;]\n\n\n    <div class=\"nd_options_section nd_options_position_relative \">\n        <img decoding=\"async\" alt=\"\" class=\"nd_options_position_absolute nd_options_left_0\" width=\"55\" src=\"https:\/\/www.pdo.pt\/wp-content\/uploads\/2024\/02\/icon-charity-white.png\">\n        <div class=\"nd_options_section nd_options_padding_left_80 nd_options_box_sizing_border_box\">\n            <h1 class=\"nd_options_font_size_40 nd_options_line_height_50\" style=\"color:#ffffff\"><strong>One-off donation<\/strong><\/h1>\n        <\/div>\n    <\/div>\n\n\n  <div style=\"background-color:;height: 70px\" class=\"nicdark_section  \"><\/div>[vc_column_text]<span style=\"color: #ffffff;\">To support us through a one-off donation, you can make a transfer using the MBWay number:<\/span><\/p>\n<h2><span style=\"color: #ffffff;\">938 780 202<\/span><\/h2>\n<p><span style=\"color: #ffffff;\">Don&#8217;t forget to add your name, address and tax number in the description.<\/span>[\/vc_column_text][\/vc_column][vc_column width=&#8221;1\/2&#8243;][\/vc_column][\/vc_row][vc_row content_placement=&#8221;top&#8221; css=&#8221;.vc_custom_1596648526762{margin-top: 45px !important;}&#8221;][vc_column width=&#8221;1\/4&#8243; el_class=&#8221;nd_options_text_align_center&#8221;]<div style=\"background-color:;height: 25px\" class=\"nicdark_section  \"><\/div>[vc_single_image image=&#8221;2000&#8243; alignment=&#8221;center&#8221;][vc_column_text]<\/p>\n<h3 class=\" \" style=\"text-align: center;\"><strong>Hug an O&#8217;Opital<\/strong><\/h3>\n<p>&nbsp;<\/p>\n<p class=\"nd_options_first_font nd_options_line_height_30_important \" style=\"text-align: center;\">With the help of your company we can continue our misson in more hospitals. Sponsor a partner hospital for a month and see the name of your company associated with this cause. With this hug, the partner company is associated with all visits to that hospital during 30 days.<\/p>\n<p>[\/vc_column_text]<div style=\"background-color:;height: 25px\" class=\"nicdark_section  \"><\/div>\n\t<div class=\"nd_options_section nd_options_text_align_center\">\n\t<a style=\"border: px solid;border-radius:100px;letter-spacing:px;line-height:px;font-size:px;background-color:#ff2b46;padding:10px 20px;margin:;color:#ffffff\" rel=\"\" href=\"#\" class=\"nicdark_display_inline_block    abracedopital \">Hug an d\u2019Opital<\/a>\n\t<\/div>\n<div style=\"background-color:;height: 25px\" class=\"nicdark_section  \"><\/div>[\/vc_column][vc_column width=&#8221;1\/4&#8243;]<div style=\"background-color:;height: 25px\" class=\"nicdark_section  \"><\/div>[vc_single_image image=&#8221;2001&#8243; alignment=&#8221;center&#8221;][vc_column_text]<\/p>\n<h3 class=\"pordiatext2\" style=\"text-align: center;\"><b>Hug a Clown<\/b><\/h3>\n<p>&nbsp;<\/p>\n<p style=\"text-align: center;\">Sponsor a Clown d\u2019Opital and help make those who need it the most smile . With the presence of your brand in all materials of Doctor Clown, the company finances the monthly visits of a Doctor Clown in all partner hospitals for 30 days.<\/p>\n<p>[\/vc_column_text]<div style=\"background-color:;height: 25px\" class=\"nicdark_section  \"><\/div>\n\t<div class=\"nd_options_section nd_options_text_align_center\">\n\t<a style=\"border: px solid;border-radius:100px;letter-spacing:px;line-height:px;font-size:px;background-color:#ff2b46;padding:10px 20px;margin:;color:#ffffff\" rel=\"\" href=\"#\" class=\"nicdark_display_inline_block    abracepalhaco \">Hug a Clown<\/a>\n\t<\/div>\n<div style=\"background-color:;height: 25px\" class=\"nicdark_section  \"><\/div>[\/vc_column][vc_column width=&#8221;1\/4&#8243;]<div style=\"background-color:;height: 25px\" class=\"nicdark_section  \"><\/div>[vc_single_image image=&#8221;1998&#8243; alignment=&#8221;center&#8221;][vc_column_text]<\/p>\n<h3 class=\" \" style=\"text-align: center;\"><strong>\u00a0D\u2019Opital Partner<\/strong><\/h3>\n<p>&nbsp;<\/p>\n<p class=\"nd_options_first_font nd_options_line_height_30_important \" style=\"text-align: center;\">A smile the size of your company.<br \/>\nEmbrace this cause with a one time donation and help Palha\u00e7os d&#8217;Opital to make those who need it the most smile.<\/p>\n<p>[\/vc_column_text]<div style=\"background-color:;height: 25px\" class=\"nicdark_section  \"><\/div>\n\t<div class=\"nd_options_section nd_options_text_align_center\">\n\t<a style=\"border: px solid;border-radius:100px;letter-spacing:px;line-height:px;font-size:px;background-color:#ff2b46;padding:10px 20px;margin:;color:#ffffff\" rel=\"\" href=\"#\" class=\"nicdark_display_inline_block    parceirodopital \">Partner d\u2019Opital<\/a>\n\t<\/div>\n<div style=\"background-color:;height: 25px\" class=\"nicdark_section  \"><\/div>[\/vc_column][vc_column width=&#8221;1\/4&#8243;]<div style=\"background-color:;height: 25px\" class=\"nicdark_section  \"><\/div>[vc_single_image image=&#8221;1999&#8243; alignment=&#8221;center&#8221;][vc_column_text]<\/p>\n<h3 class=\" \" style=\"text-align: center;\"><strong>\u00a0D\u2019Opital Friend<\/strong><\/h3>\n<p>&nbsp;<\/p>\n<p class=\"nd_options_first_font nd_options_line_height_30_important \" style=\"text-align: center;\">To support our cause you can become a partner at Palha\u00e7os d\u2019Opital by paying an annual fee of 60 \u20ac.<br \/>\nThis way you will be helping us to make the lives of hospital patients at a national level, happier.<\/p>\n<p>[\/vc_column_text]<div style=\"background-color:;height: 25px\" class=\"nicdark_section  \"><\/div>\n\t<div class=\"nd_options_section nd_options_text_align_center\">\n\t<a style=\"border: px solid;border-radius:100px;letter-spacing:px;line-height:px;font-size:px;background-color:#ff2b46;padding:10px 20px;margin:;color:#ffffff\" rel=\"\" href=\"#\" class=\"nicdark_display_inline_block     \">d\u2019Opital friend<\/a>\n\t<\/div>\n<div style=\"background-color:;height: 25px\" class=\"nicdark_section  \"><\/div>[\/vc_column][\/vc_row][vc_row full_width=&#8221;stretch_row&#8221; content_placement=&#8221;middle&#8221; parallax=&#8221;content-moving&#8221; parallax_image=&#8221;5291&#8243; css=&#8221;.vc_custom_1753354468767{margin-top: 60px !important;padding-top: 90px !important;padding-bottom: 90px !important;}&#8221;][vc_column css=&#8221;.vc_custom_1484647121270{padding-top: 0px !important;}&#8221;]<div style=\"background-color:;height: 10px\" class=\"nicdark_section  \"><\/div> <h5 style=\"color:#ffffff;padding:px;text-align:center;font-size:20px;line-height:20px;letter-spacing: 2px;font-weight:lighter\" class=\"   nd_options_second_font \">Our Missions<\/h5> <div style=\"background-color:;height: 10px\" class=\"nicdark_section  \"><\/div> <h1 style=\"color:#ffffff;padding:px;text-align:center;font-size:50px;line-height:50px;letter-spacing: px;font-weight:bold\" class=\"   nd_options_first_font \">SHARE HAPPINESS<\/h1> <div style=\"background-color:;height: 70px\" class=\"nicdark_section  \"><\/div><div style=\"background-color:;height: 10px\" class=\"nicdark_section  \"><\/div>[\/vc_column][\/vc_row][vc_row css=&#8221;.vc_custom_1596653559182{margin-top: 45px !important;}&#8221;][vc_column]<div style=\"background-color:;height: 10px\" class=\"nicdark_section  \"><\/div> <h2 style=\"color:#727475;padding:px;text-align:center;font-size:50px;line-height:50px;letter-spacing: px;font-weight:bold\" class=\"   nd_options_first_font \">Our Partner Hospitals<\/h2> <div style=\"background-color:;height: 10px\" class=\"nicdark_section  \"><\/div> <h5 style=\"color:#727475;padding:px;text-align:center;font-size:18px;line-height:30px;letter-spacing: 1px;font-weight:lighter\" class=\"   nd_options_second_font \">It is in hospitals that we act before the most challenging audience in the world. And how do we make those with no reason to smile, smile? Easy, we talk, sing, dance and share affections, stories and smiles.<\/h5> <div style=\"background-color:;height: 30px\" class=\"nicdark_section  \"><\/div>[\/vc_column][\/vc_row][vc_row content_placement=&#8221;middle&#8221; css=&#8221;.vc_custom_1596654225656{margin-top: 45px !important;}&#8221;][vc_column width=&#8221;1\/2&#8243;][vc_single_image image=&#8221;3780&#8243; img_size=&#8221;full&#8221;][\/vc_column][vc_column width=&#8221;1\/2&#8243;][vc_column_text]<\/p>\n<h3 class=\"parceirotitle\" style=\"text-align: right;\">Centro Hospitalar Universit\u00e1rio de S\u00e3o Jo\u00e3o (CHUSJ)<\/h3>\n<p>The\u00a0Centro Hospitalar Universit\u00e1rio de S\u00e3o Jo\u00e3o (CHUSJ)\u00a0is located in the city of Porto and provides direct assistance to the population of the parishes of Bonfim, Paranhos and Campanh\u00e3, within the municipality of Porto, as well as the municipalities of Maia and Valongo.<\/p>\n<p>It also acts as a reference center for the districts of Porto (with the exception of the municipalities of Bai\u00e3o, Amarante and Marco de Canaveses), Braga and Viana do Castelo.<\/p>\n<p>CHUSJ also acts as a reference for wider geographical areas, in the context of Hospital Referral Networks, or even for wider areas in specific cutting-edge areas, where it acts as a referral of excellence for patients from several other geographical areas.<\/p>\n<p>The management activity of\u00a0CHUSJ\u00a0is structured at intermediate management levels. Intermediate management structures bring together services (which can be organized into functional units) and organic units that, in an articulated manner, contribute to the pursuit of established objectives.<\/p>\n<p>Organic units are simpler structures than services, with specific functions, equipped with their own human and\/or technical resources, not integrated into services.[\/vc_column_text]<div style=\"background-color:;height: 10px\" class=\"nicdark_section  \"><\/div>\n\t\n\t<a style=\"border: px solid;border-radius:100px;letter-spacing:px;line-height:px;font-size:px;background-color:;padding:;margin:;color:#ff2b46\" rel=\"\" href=\"https:\/\/portal-chsj.min-saude.pt\" class=\"nicdark_display_inline_block nd_options_float_right    \">Know more<\/a>\n\t\n[\/vc_column][\/vc_row][vc_row content_placement=&#8221;middle&#8221; css=&#8221;.vc_custom_1596654219438{margin-top: 45px !important;}&#8221;][vc_column width=&#8221;1\/2&#8243;][vc_column_text]<\/p>\n<h3 class=\"parceirotitle\"><b>Unidade Local de Sa\u00fade de Matosinhos<\/b><\/h3>\n<p class=\"parceirotext\">Since 1999, the Matosinhos Local Health Unit (ULSM) stands out for its excellence in the provision of integrated health care, assuming itself as a reference for other health care providers. Pioneer and precursor, the oldest Local Health Unit in the country focuses on health promotion, in a global, integrated and personalized way, not only in health care at various levels, but also with the autarchy, schools and society bodies .<\/p>\n<p>[\/vc_column_text]<div style=\"background-color:;height: 10px\" class=\"nicdark_section  \"><\/div>\n\t\n\t<a style=\"border: px solid;border-radius:100px;letter-spacing:px;line-height:px;font-size:px;background-color:;padding:;margin:;color:#ff2b46\" rel=\"\" href=\"http:\/\/www.ulsm.min-saude.pt\/\" class=\"nicdark_display_inline_block nd_options_float_left    \">Know more<\/a>\n\t\n[\/vc_column][vc_column width=&#8221;1\/2&#8243;][vc_single_image image=&#8221;2006&#8243; img_size=&#8221;full&#8221;][\/vc_column][\/vc_row][vc_row content_placement=&#8221;middle&#8221; css=&#8221;.vc_custom_1596654225656{margin-top: 45px !important;}&#8221;][vc_column width=&#8221;1\/2&#8243;][vc_single_image image=&#8221;2003&#8243; img_size=&#8221;full&#8221;][\/vc_column][vc_column width=&#8221;1\/2&#8243;][vc_column_text]<\/p>\n<h3 class=\"parceirotitle\" style=\"text-align: right;\"><b>Instituto Portugu\u00eas de Oncologia de Coimbra<\/b><\/h3>\n<p class=\"parceirotext\" style=\"text-align: right;\">The Portuguese Institute of Oncology of Coimbra Francisco Gentil, E.P.E. (IPOCFG, EPE) is a hospital unit that integrates the health care network of the National Health Service and the type A platform of the oncology hospital referral network, which gives it top responsibilities in the diagnosis and treatment of oncological disease throughout the Central Region of Portugal, with an estimated population of two million inhabitants.<\/p>\n<p>[\/vc_column_text]<div style=\"background-color:;height: 10px\" class=\"nicdark_section  \"><\/div>\n\t\n\t<a style=\"border: px solid;border-radius:100px;letter-spacing:px;line-height:px;font-size:px;background-color:;padding:;margin:;color:#ff2b46\" rel=\"\" href=\"http:\/\/www.ipocoimbra.min-saude.pt\/\" class=\"nicdark_display_inline_block nd_options_float_right    \">Know more<\/a>\n\t\n[\/vc_column][vc_column][\/vc_column][\/vc_row][vc_row content_placement=&#8221;middle&#8221; css=&#8221;.vc_custom_1596654230638{margin-top: 45px !important;}&#8221;][vc_column width=&#8221;1\/2&#8243;][vc_column_text]<\/p>\n<h3 class=\"parceirotitle\" style=\"text-align: left;\"><strong>ULS Leiria Region<\/strong><\/h3>\n<p>It provides differentiated and quality healthcare to all users who require it, in conjunction with primary healthcare, with other hospitals integrated into the National Health Service network and with the National Network of Integrated Continuing Care, using appropriately all human and material resources deemed necessary, as well as developing itself according to demanding parameters of quality, economy, efficiency and effectiveness, also contributing to the economic and financial balance of the public sector as a whole. Its mission also includes ensuring research and professional training conditions for its employees and ensuring comfort, hygiene and safety conditions for users and employees.[\/vc_column_text]<div style=\"background-color:;height: 10px\" class=\"nicdark_section  \"><\/div>\n\t\n\t<a style=\"border: px solid;border-radius:100px;letter-spacing:px;line-height:px;font-size:px;background-color:;padding:;margin:;color:#ff2b46\" rel=\"\" href=\"https:\/\/bicsp.min-saude.pt\/pt\/biufs\/2\/926\/Pages\/default.aspx\" class=\"nicdark_display_inline_block nd_options_float_left    \">Know more<\/a>\n\t\n[\/vc_column][vc_column width=&#8221;1\/2&#8243;][vc_single_image image=&#8221;4916&#8243; img_size=&#8221;full&#8221;][\/vc_column][\/vc_row][vc_row content_placement=&#8221;middle&#8221; css=&#8221;.vc_custom_1596654230638{margin-top: 45px !important;}&#8221;][vc_column width=&#8221;1\/2&#8243;][vc_single_image image=&#8221;4882&#8243; img_size=&#8221;full&#8221;][\/vc_column][vc_column width=&#8221;1\/2&#8243;][vc_column_text]<\/p>\n<h3 class=\"parceirotitle\" style=\"text-align: left;\"><strong>ULS Amadora-Sintra<\/strong><\/h3>\n<p>The <strong>Hospital <\/strong>is a healthcare unit operating 24 hours a day, providing diagnostic, treatment, and rehabilitation services on an outpatient basis. Located in Bairro da Cavaleira, in the parish of Algueir\u00e3o-Mem Martins, it was built by the Sintra City Council to serve approximately 400,000 residents.<\/p>\n<p>Established to enhance coordination across different levels of healthcare, <strong>ULS Amadora-Sintra<\/strong> represents a new model within Portugal\u2019s National Health Service, focusing on proximity, efficiency, and quality in patient care.[\/vc_column_text]<div style=\"background-color:;height: 10px\" class=\"nicdark_section  \"><\/div>\n\t\n\t<a style=\"border: px solid;border-radius:100px;letter-spacing:px;line-height:px;font-size:px;background-color:;padding:;margin:;color:#ff2b46\" rel=\"\" href=\"https:\/\/bicsp.min-saude.pt\/pt\/biufs\/3\/931\/Pages\/default.aspx\" class=\"nicdark_display_inline_block nd_options_float_left    \">Know more<\/a>\n\t\n[\/vc_column][\/vc_row][vc_row content_placement=&#8221;middle&#8221; css=&#8221;.vc_custom_1596654230638{margin-top: 45px !important;}&#8221;][vc_column width=&#8221;1\/2&#8243;][vc_column_text]<\/p>\n<h3 class=\"parceirotitle\" style=\"text-align: left;\"><strong>Santa Maria Hospital<\/strong><\/h3>\n<p>Inaugurated in 1953, <strong>Hospital de Santa Maria<\/strong> is one of Portugal&#8217;s largest hospitals and a reference in healthcare services. Operating 24 hours a day, it provides diagnosis, treatment, and rehabilitation in both inpatient and outpatient settings, while also serving as a center for medical education and research.<\/p>\n<p>Originally designed as the <strong>Hospital Escolar de Lisboa<\/strong> to support medical training, it has since played a crucial role in the advancement of medicine in Portugal, establishing itself as a leading university hospital.[\/vc_column_text]<div style=\"background-color:;height: 10px\" class=\"nicdark_section  \"><\/div>\n\t\n\t<a style=\"border: px solid;border-radius:100px;letter-spacing:px;line-height:px;font-size:px;background-color:;padding:;margin:;color:#ff2b46\" rel=\"\" href=\"https:\/\/www.ulssm.min-saude.pt\/\" class=\"nicdark_display_inline_block nd_options_float_left    \">Know more<\/a>\n\t\n[\/vc_column][vc_column width=&#8221;1\/2&#8243;][vc_single_image image=&#8221;4884&#8243; img_size=&#8221;full&#8221;][\/vc_column][\/vc_row]<\/p>\n","protected":false},"excerpt":{"rendered":"<p>[vc_row][vc_column width=&#8221;1\/6&#8243; css=&#8221;.vc_custom_1467360650255{margin-top: 10px !important;margin-bottom: 10px !important;padding-top: 0px !important;padding-right: 40px !important;}&#8221;][\/vc_column][vc_column width=&#8221;2\/3&#8243;][vc_column_text el_class=&#8221;nd_options_text_align_center_responsive&#8221;]\ud83c\udfad Palha\u00e7os d\u2019Opital is a non-profit Cultural Association that develops artistic intervention programs dedicated to Older Adults in hospital settings. \ud83d\udca1 Founded on February 12, 2013, it was a pioneer in Europe by directing the work of Hospital Clowns toward the adult population, [&hellip;]<\/p>\n","protected":false},"author":1,"featured_media":0,"parent":0,"menu_order":0,"comment_status":"closed","ping_status":"closed","template":"","meta":{"footnotes":""},"_links":{"self":[{"href":"https:\/\/www.pdo.pt\/en\/wp-json\/wp\/v2\/pages\/2106"}],"collection":[{"href":"https:\/\/www.pdo.pt\/en\/wp-json\/wp\/v2\/pages"}],"about":[{"href":"https:\/\/www.pdo.pt\/en\/wp-json\/wp\/v2\/types\/page"}],"author":[{"embeddable":true,"href":"https:\/\/www.pdo.pt\/en\/wp-json\/wp\/v2\/users\/1"}],"replies":[{"embeddable":true,"href":"https:\/\/www.pdo.pt\/en\/wp-json\/wp\/v2\/comments?post=2106"}],"version-history":[{"count":25,"href":"https:\/\/www.pdo.pt\/en\/wp-json\/wp\/v2\/pages\/2106\/revisions"}],"predecessor-version":[{"id":5298,"href":"https:\/\/www.pdo.pt\/en\/wp-json\/wp\/v2\/pages\/2106\/revisions\/5298"}],"wp:attachment":[{"href":"https:\/\/www.pdo.pt\/en\/wp-json\/wp\/v2\/media?parent=2106"}],"curies":[{"name":"wp","href":"https:\/\/api.w.org\/{rel}","templated":true}]}}