{"id":2471,"date":"2021-06-20T20:39:32","date_gmt":"2021-06-20T20:39:32","guid":{"rendered":"https:\/\/www.pdo.pt\/videos-pdo\/"},"modified":"2021-06-20T20:57:04","modified_gmt":"2021-06-20T20:57:04","slug":"videos-pdo","status":"publish","type":"page","link":"https:\/\/www.pdo.pt\/en\/videos-pdo\/","title":{"rendered":"Videos PDO"},"content":{"rendered":"<p>[vc_row][vc_column][vc_column_text]\t\t\t<div \n\t\t\tclass=\"yotu-playlist yotuwp yotu-limit-min   yotu-thumb-169  yotu-template-grid\" \n\t\t\tdata-page=\"1\"\n\t\t\tid=\"yotuwp-69fcc3aff0dd4\"\n\t\t\tdata-yotu=\"69fcc3b06ef8f\"\n\t\t\tdata-total=\"16\"\n\t\t\tdata-settings=\"eyJ0eXBlIjoicGxheWxpc3QiLCJpZCI6IlVVOTNRdkNBbHF5b3RQMGx4UkhYMW4yZyIsInBhZ2luYXRpb24iOiJvbiIsInBhZ2l0eXBlIjoicGFnZXIiLCJjb2x1bW4iOiIzIiwicGVyX3BhZ2UiOiIxMiIsInRlbXBsYXRlIjoiZ3JpZCIsInRpdGxlIjoib24iLCJkZXNjcmlwdGlvbiI6Im9uIiwidGh1bWJyYXRpbyI6IjE2OSIsIm1ldGEiOiJvZmYiLCJtZXRhX2RhdGEiOiJvZmYiLCJtZXRhX3Bvc2l0aW9uIjoib2ZmIiwiZGF0ZV9mb3JtYXQiOiJvZmYiLCJtZXRhX2FsaWduIjoib2ZmIiwic3Vic2NyaWJlIjoib2ZmIiwiZHVyYXRpb24iOiJvZmYiLCJtZXRhX2ljb24iOiJvZmYiLCJuZXh0dGV4dCI6IiIsInByZXZ0ZXh0IjoiIiwibG9hZG1vcmV0ZXh0IjoiIiwicGxheWVyIjp7Im1vZGUiOiJsYXJnZSIsIndpZHRoIjoiNjAwIiwic2Nyb2xsaW5nIjoiMTAwIiwiYXV0b3BsYXkiOjAsImNvbnRyb2xzIjoxLCJtb2Rlc3RicmFuZGluZyI6MSwibG9vcCI6MCwiYXV0b25leHQiOjAsInNob3dpbmZvIjoxLCJyZWwiOjEsInBsYXlpbmciOjAsInBsYXlpbmdfZGVzY3JpcHRpb24iOjAsInRodW1ibmFpbHMiOjAsImNjX2xvYWRfcG9saWN5IjoiMSIsImNjX2xhbmdfcHJlZiI6IjEiLCJobCI6IiIsIml2X2xvYWRfcG9saWN5IjoiMSJ9LCJsYXN0X3RhYiI6InBsYXllciIsInVzZV9hc19tb2RhbCI6Im9mZiIsIm1vZGFsX2lkIjoib2ZmIiwibGFzdF91cGRhdGUiOiIxNjI0MjIyNjU2Iiwic3R5bGluZyI6eyJwYWdlcl9sYXlvdXQiOiJkZWZhdWx0IiwiYnV0dG9uIjoiMSIsImJ1dHRvbl9jb2xvciI6IiIsImJ1dHRvbl9iZ19jb2xvciI6IiIsImJ1dHRvbl9jb2xvcl9ob3ZlciI6IiIsImJ1dHRvbl9iZ19jb2xvcl9ob3ZlciI6IiIsInZpZGVvX3N0eWxlIjoiIiwicGxheWljb25fY29sb3IiOiIiLCJob3Zlcl9pY29uIjoiIiwiZ2FsbGVyeV9iZyI6IiJ9LCJlZmZlY3RzIjp7InZpZGVvX2JveCI6IiIsImZsaXBfZWZmZWN0IjoiIn0sImdhbGxlcnlfaWQiOiI2OWZjYzNhZmYwZGQ0IiwibmV4dCI6IkVBQWFIbEJVT2tOQmQybEZSRWwzVVhwWk5WSnJUa05QUkU1SFVXdFNSVkpyVVEiLCJwcmV2IjoiIn0=\"\n\t\t\tdata-player=\"large\"\n\t\t\tdata-showdesc=\"on\" >\n\t\t\t\t<div>\n\t\t\t\t\t\t\t\t\t\t<div class=\"yotu-wrapper-player\" style=\"width:600px\">\n\t\t\t\t\t\t\t\t\t\t\t\t<div class=\"yotu-player\">\n\t\t\t\t\t\t\t<div class=\"yotu-video-placeholder\" id=\"yotu-player-69fcc3b06ef8f\"><\/div>\n\t\t\t\t\t\t<\/div>\n\t\t\t\t\t\t<div class=\"yotu-playing-status\"><\/div>\n\t\t\t\t\t\t\t\t\t\t\t<\/div>\n\n\t\t\t\t\t<div class=\"yotu-pagination yotu-pager_layout-default yotu-pagination-top\">\n<a href=\"#\" class=\"yotu-pagination-prev yotu-button-prs yotu-button-prs-1\" data-page=\"prev\">Prev<\/a>\n<span class=\"yotu-pagination-current\">1<\/span> <span>of<\/span> <span class=\"yotu-pagination-total\">16<\/span>\n<a href=\"#\" class=\"yotu-pagination-next yotu-button-prs yotu-button-prs-1\" data-page=\"next\">Next<\/a>\n<\/div>\n<div class=\"yotu-videos yotu-mode-grid yotu-column-3 yotu-player-mode-large\">\n\t<ul>\n\t\t\t\t\t<li class=\" yotu-first\">\n\t\t\t\t\t\t\t\t<a href=\"#MTsdu0eSmSI\" class=\"yotu-video\" data-videoid=\"MTsdu0eSmSI\" data-title=\"Palha\u00e7os d\\&#039;Opital | Pr\u00e9mio @SegurosFidelidade  Comunidade 2023\" title=\"Palha\u00e7os d&#039;Opital | Pr\u00e9mio @SegurosFidelidade  Comunidade 2023\">\n\t\t\t\t\t<div class=\"yotu-video-thumb-wrp\">\n\t\t\t\t\t\t<div>\n\t\t\t\t\t\t\t\t\t\t\t\t\t\t<img decoding=\"async\" class=\"yotu-video-thumb\" src=\"https:\/\/i.ytimg.com\/vi\/MTsdu0eSmSI\/sddefault.jpg\" alt=\"Palha\u00e7os d&#039;Opital | Pr\u00e9mio @SegurosFidelidade  Comunidade 2023\">\t\n\t\t\t\t\t\t\t\t\t\t\t\t\t<\/div>\n\t\t\t\t\t<\/div>\n\t\t\t\t\t\t\t\t\t\t\t<h3 class=\"yotu-video-title\">Palha\u00e7os d'Opital | Pr\u00e9mio @SegurosFidelidade  Comunidade 2023<\/h3>\n\t\t\t\t\t\t\t\t\t\t\t\t\t\t\t\t\t\t\t\t\t<div class=\"yotu-video-description\"><\/div>\n\t\t\t\t\t\t\t\t\t<\/a>\n\t\t\t\t\t\t\t<\/li>\n\t\t\t\t\n\t\t\t\t\t\t<li class=\"\">\n\t\t\t\t\t\t\t\t<a href=\"#_rFSlTXTZg8\" class=\"yotu-video\" data-videoid=\"_rFSlTXTZg8\" data-title=\"Palha\u00e7os d\\&#039;Opital &amp; @CocaColaPortugal Natal 2025 \\&quot;Acende um cora\u00e7\u00e3o\\&quot;\" title=\"Palha\u00e7os d&#039;Opital &amp; @CocaColaPortugal Natal 2025 &quot;Acende um cora\u00e7\u00e3o&quot;\">\n\t\t\t\t\t<div class=\"yotu-video-thumb-wrp\">\n\t\t\t\t\t\t<div>\n\t\t\t\t\t\t\t\t\t\t\t\t\t\t<img decoding=\"async\" class=\"yotu-video-thumb\" src=\"https:\/\/i.ytimg.com\/vi\/_rFSlTXTZg8\/sddefault.jpg\" alt=\"Palha\u00e7os d&#039;Opital &amp; @CocaColaPortugal Natal 2025 &quot;Acende um cora\u00e7\u00e3o&quot;\">\t\n\t\t\t\t\t\t\t\t\t\t\t\t\t<\/div>\n\t\t\t\t\t<\/div>\n\t\t\t\t\t\t\t\t\t\t\t<h3 class=\"yotu-video-title\">Palha\u00e7os d'Opital &amp; @CocaColaPortugal Natal 2025 \"Acende um cora\u00e7\u00e3o\"<\/h3>\n\t\t\t\t\t\t\t\t\t\t\t\t\t\t\t\t\t\t\t\t\t<div class=\"yotu-video-description\"><\/div>\n\t\t\t\t\t\t\t\t\t<\/a>\n\t\t\t\t\t\t\t<\/li>\n\t\t\t\t\n\t\t\t\t\t\t<li class=\"\">\n\t\t\t\t\t\t\t\t<a href=\"#YwZQdEvCTCA\" class=\"yotu-video\" data-videoid=\"YwZQdEvCTCA\" data-title=\"Palha\u00e7os d\\&#039;Opital | @aguamonchique9041 | \u00c1gua por uma causa!\" title=\"Palha\u00e7os d&#039;Opital | @aguamonchique9041 | \u00c1gua por uma causa!\">\n\t\t\t\t\t<div class=\"yotu-video-thumb-wrp\">\n\t\t\t\t\t\t<div>\n\t\t\t\t\t\t\t\t\t\t\t\t\t\t<img decoding=\"async\" class=\"yotu-video-thumb\" src=\"https:\/\/i.ytimg.com\/vi\/YwZQdEvCTCA\/sddefault.jpg\" alt=\"Palha\u00e7os d&#039;Opital | @aguamonchique9041 | \u00c1gua por uma causa!\">\t\n\t\t\t\t\t\t\t\t\t\t\t\t\t<\/div>\n\t\t\t\t\t<\/div>\n\t\t\t\t\t\t\t\t\t\t\t<h3 class=\"yotu-video-title\">Palha\u00e7os d'Opital | @aguamonchique9041 | \u00c1gua por uma causa!<\/h3>\n\t\t\t\t\t\t\t\t\t\t\t\t\t\t\t\t\t\t\t\t\t<div class=\"yotu-video-description\"><\/div>\n\t\t\t\t\t\t\t\t\t<\/a>\n\t\t\t\t\t\t\t<\/li>\n\t\t\t\t\n\t\t\t\t\t\t<li class=\"\">\n\t\t\t\t\t\t\t\t<a href=\"#0kSgpXOmdKk\" class=\"yotu-video\" data-videoid=\"0kSgpXOmdKk\" data-title=\"Palha\u00e7os d\\&#039;Opital | TOCARMAGIA.pt | Jornal Nacional @tvi\" title=\"Palha\u00e7os d&#039;Opital | TOCARMAGIA.pt | Jornal Nacional @tvi\">\n\t\t\t\t\t<div class=\"yotu-video-thumb-wrp\">\n\t\t\t\t\t\t<div>\n\t\t\t\t\t\t\t\t\t\t\t\t\t\t<img decoding=\"async\" class=\"yotu-video-thumb\" src=\"https:\/\/i.ytimg.com\/vi\/0kSgpXOmdKk\/sddefault.jpg\" alt=\"Palha\u00e7os d&#039;Opital | TOCARMAGIA.pt | Jornal Nacional @tvi\">\t\n\t\t\t\t\t\t\t\t\t\t\t\t\t<\/div>\n\t\t\t\t\t<\/div>\n\t\t\t\t\t\t\t\t\t\t\t<h3 class=\"yotu-video-title\">Palha\u00e7os d'Opital | TOCARMAGIA.pt | Jornal Nacional @tvi<\/h3>\n\t\t\t\t\t\t\t\t\t\t\t\t\t\t\t\t\t\t\t\t\t<div class=\"yotu-video-description\"><\/div>\n\t\t\t\t\t\t\t\t\t<\/a>\n\t\t\t\t\t\t\t<\/li>\n\t\t\t\t\n\t\t\t\t\t\t<li class=\"\">\n\t\t\t\t\t\t\t\t<a href=\"#nub9OcqyqwA\" class=\"yotu-video\" data-videoid=\"nub9OcqyqwA\" data-title=\"Palha\u00e7os d\\&#039;Opital | TOCAR MAGIA | TVI\" title=\"Palha\u00e7os d&#039;Opital | TOCAR MAGIA | TVI\">\n\t\t\t\t\t<div class=\"yotu-video-thumb-wrp\">\n\t\t\t\t\t\t<div>\n\t\t\t\t\t\t\t\t\t\t\t\t\t\t<img decoding=\"async\" class=\"yotu-video-thumb\" src=\"https:\/\/i.ytimg.com\/vi\/nub9OcqyqwA\/sddefault.jpg\" alt=\"Palha\u00e7os d&#039;Opital | TOCAR MAGIA | TVI\">\t\n\t\t\t\t\t\t\t\t\t\t\t\t\t<\/div>\n\t\t\t\t\t<\/div>\n\t\t\t\t\t\t\t\t\t\t\t<h3 class=\"yotu-video-title\">Palha\u00e7os d'Opital | TOCAR MAGIA | TVI<\/h3>\n\t\t\t\t\t\t\t\t\t\t\t\t\t\t\t\t\t\t\t\t\t<div class=\"yotu-video-description\"><\/div>\n\t\t\t\t\t\t\t\t\t<\/a>\n\t\t\t\t\t\t\t<\/li>\n\t\t\t\t\n\t\t\t\t\t\t<li class=\"\">\n\t\t\t\t\t\t\t\t<a href=\"#Wm5aEGYjRT4\" class=\"yotu-video\" data-videoid=\"Wm5aEGYjRT4\" data-title=\"Palha\u00e7os d\\&#039;Opital | TOCARMAGIA.PT | APRESENTA\u00c7\u00c3O | ULS SANTA MARIA\" title=\"Palha\u00e7os d&#039;Opital | TOCARMAGIA.PT | APRESENTA\u00c7\u00c3O | ULS SANTA MARIA\">\n\t\t\t\t\t<div class=\"yotu-video-thumb-wrp\">\n\t\t\t\t\t\t<div>\n\t\t\t\t\t\t\t\t\t\t\t\t\t\t<img decoding=\"async\" class=\"yotu-video-thumb\" src=\"https:\/\/i.ytimg.com\/vi\/Wm5aEGYjRT4\/sddefault.jpg\" alt=\"Palha\u00e7os d&#039;Opital | TOCARMAGIA.PT | APRESENTA\u00c7\u00c3O | ULS SANTA MARIA\">\t\n\t\t\t\t\t\t\t\t\t\t\t\t\t<\/div>\n\t\t\t\t\t<\/div>\n\t\t\t\t\t\t\t\t\t\t\t<h3 class=\"yotu-video-title\">Palha\u00e7os d'Opital | TOCARMAGIA.PT | APRESENTA\u00c7\u00c3O | ULS SANTA MARIA<\/h3>\n\t\t\t\t\t\t\t\t\t\t\t\t\t\t\t\t\t\t\t\t\t<div class=\"yotu-video-description\"><\/div>\n\t\t\t\t\t\t\t\t\t<\/a>\n\t\t\t\t\t\t\t<\/li>\n\t\t\t\t\n\t\t\t\t\t\t<li class=\"\">\n\t\t\t\t\t\t\t\t<a href=\"#8tpmI7f1M5s\" class=\"yotu-video\" data-videoid=\"8tpmI7f1M5s\" data-title=\"Palha\u00e7os d\\&#039;Opital | TOCAR MAGIA | Palha\u00e7os d\\&#039;Opital Postal | 3 |\" title=\"Palha\u00e7os d&#039;Opital | TOCAR MAGIA | Palha\u00e7os d&#039;Opital Postal | 3 |\">\n\t\t\t\t\t<div class=\"yotu-video-thumb-wrp\">\n\t\t\t\t\t\t<div>\n\t\t\t\t\t\t\t\t\t\t\t\t\t\t<img decoding=\"async\" class=\"yotu-video-thumb\" src=\"https:\/\/i.ytimg.com\/vi\/8tpmI7f1M5s\/sddefault.jpg\" alt=\"Palha\u00e7os d&#039;Opital | TOCAR MAGIA | Palha\u00e7os d&#039;Opital Postal | 3 |\">\t\n\t\t\t\t\t\t\t\t\t\t\t\t\t<\/div>\n\t\t\t\t\t<\/div>\n\t\t\t\t\t\t\t\t\t\t\t<h3 class=\"yotu-video-title\">Palha\u00e7os d'Opital | TOCAR MAGIA | Palha\u00e7os d'Opital Postal | 3 |<\/h3>\n\t\t\t\t\t\t\t\t\t\t\t\t\t\t\t\t\t\t\t\t\t<div class=\"yotu-video-description\"><\/div>\n\t\t\t\t\t\t\t\t\t<\/a>\n\t\t\t\t\t\t\t<\/li>\n\t\t\t\t\n\t\t\t\t\t\t<li class=\"\">\n\t\t\t\t\t\t\t\t<a href=\"#KDFxKMRhy3Y\" class=\"yotu-video\" data-videoid=\"KDFxKMRhy3Y\" data-title=\"Palha\u00e7os d\\&#039;Opital  TOCAR MAGIA | Coimbra Gospel Choir | 7 |\" title=\"Palha\u00e7os d&#039;Opital  TOCAR MAGIA | Coimbra Gospel Choir | 7 |\">\n\t\t\t\t\t<div class=\"yotu-video-thumb-wrp\">\n\t\t\t\t\t\t<div>\n\t\t\t\t\t\t\t\t\t\t\t\t\t\t<img decoding=\"async\" class=\"yotu-video-thumb\" src=\"https:\/\/i.ytimg.com\/vi\/KDFxKMRhy3Y\/sddefault.jpg\" alt=\"Palha\u00e7os d&#039;Opital  TOCAR MAGIA | Coimbra Gospel Choir | 7 |\">\t\n\t\t\t\t\t\t\t\t\t\t\t\t\t<\/div>\n\t\t\t\t\t<\/div>\n\t\t\t\t\t\t\t\t\t\t\t<h3 class=\"yotu-video-title\">Palha\u00e7os d'Opital  TOCAR MAGIA | Coimbra Gospel Choir | 7 |<\/h3>\n\t\t\t\t\t\t\t\t\t\t\t\t\t\t\t\t\t\t\t\t\t<div class=\"yotu-video-description\"><\/div>\n\t\t\t\t\t\t\t\t\t<\/a>\n\t\t\t\t\t\t\t<\/li>\n\t\t\t\t\n\t\t\t\t\t\t<li class=\"\">\n\t\t\t\t\t\t\t\t<a href=\"#mbMJ5eCyy1E\" class=\"yotu-video\" data-videoid=\"mbMJ5eCyy1E\" data-title=\"Palha\u00e7os d\\&#039;Opital | TOCAR MAGIA | TOY | 6 |\" title=\"Palha\u00e7os d&#039;Opital | TOCAR MAGIA | TOY | 6 |\">\n\t\t\t\t\t<div class=\"yotu-video-thumb-wrp\">\n\t\t\t\t\t\t<div>\n\t\t\t\t\t\t\t\t\t\t\t\t\t\t<img decoding=\"async\" class=\"yotu-video-thumb\" src=\"https:\/\/i.ytimg.com\/vi\/mbMJ5eCyy1E\/sddefault.jpg\" alt=\"Palha\u00e7os d&#039;Opital | TOCAR MAGIA | TOY | 6 |\">\t\n\t\t\t\t\t\t\t\t\t\t\t\t\t<\/div>\n\t\t\t\t\t<\/div>\n\t\t\t\t\t\t\t\t\t\t\t<h3 class=\"yotu-video-title\">Palha\u00e7os d'Opital | TOCAR MAGIA | TOY | 6 |<\/h3>\n\t\t\t\t\t\t\t\t\t\t\t\t\t\t\t\t\t\t\t\t\t<div class=\"yotu-video-description\"><\/div>\n\t\t\t\t\t\t\t\t\t<\/a>\n\t\t\t\t\t\t\t<\/li>\n\t\t\t\t\n\t\t\t\t\t\t<li class=\"\">\n\t\t\t\t\t\t\t\t<a href=\"#5BUjUUxEQbE\" class=\"yotu-video\" data-videoid=\"5BUjUUxEQbE\" data-title=\"Palha\u00e7os d\\&#039;Opital | TOCAR MAGIA | Jos\u00e9 Rebola &amp; Mafalda Umbelino Camilo| 3 |\" title=\"Palha\u00e7os d&#039;Opital | TOCAR MAGIA | Jos\u00e9 Rebola &amp; Mafalda Umbelino Camilo| 3 |\">\n\t\t\t\t\t<div class=\"yotu-video-thumb-wrp\">\n\t\t\t\t\t\t<div>\n\t\t\t\t\t\t\t\t\t\t\t\t\t\t<img decoding=\"async\" class=\"yotu-video-thumb\" src=\"https:\/\/i.ytimg.com\/vi\/5BUjUUxEQbE\/sddefault.jpg\" alt=\"Palha\u00e7os d&#039;Opital | TOCAR MAGIA | Jos\u00e9 Rebola &amp; Mafalda Umbelino Camilo| 3 |\">\t\n\t\t\t\t\t\t\t\t\t\t\t\t\t<\/div>\n\t\t\t\t\t<\/div>\n\t\t\t\t\t\t\t\t\t\t\t<h3 class=\"yotu-video-title\">Palha\u00e7os d'Opital | TOCAR MAGIA | Jos\u00e9 Rebola &amp; Mafalda Umbelino Camilo| 3 |<\/h3>\n\t\t\t\t\t\t\t\t\t\t\t\t\t\t\t\t\t\t\t\t\t<div class=\"yotu-video-description\"><\/div>\n\t\t\t\t\t\t\t\t\t<\/a>\n\t\t\t\t\t\t\t<\/li>\n\t\t\t\t\n\t\t\t\t\t\t<li class=\"\">\n\t\t\t\t\t\t\t\t<a href=\"#7H4ga23FJJs\" class=\"yotu-video\" data-videoid=\"7H4ga23FJJs\" data-title=\"Palha\u00e7os d\\&#039;Opital | TOCAR MAGIA | Palha\u00e7os d\\&#039;Opital Postal LEG| 3 |\" title=\"Palha\u00e7os d&#039;Opital | TOCAR MAGIA | Palha\u00e7os d&#039;Opital Postal LEG| 3 |\">\n\t\t\t\t\t<div class=\"yotu-video-thumb-wrp\">\n\t\t\t\t\t\t<div>\n\t\t\t\t\t\t\t\t\t\t\t\t\t\t<img decoding=\"async\" class=\"yotu-video-thumb\" src=\"https:\/\/i.ytimg.com\/vi\/7H4ga23FJJs\/sddefault.jpg\" alt=\"Palha\u00e7os d&#039;Opital | TOCAR MAGIA | Palha\u00e7os d&#039;Opital Postal LEG| 3 |\">\t\n\t\t\t\t\t\t\t\t\t\t\t\t\t<\/div>\n\t\t\t\t\t<\/div>\n\t\t\t\t\t\t\t\t\t\t\t<h3 class=\"yotu-video-title\">Palha\u00e7os d'Opital | TOCAR MAGIA | Palha\u00e7os d'Opital Postal LEG| 3 |<\/h3>\n\t\t\t\t\t\t\t\t\t\t\t\t\t\t\t\t\t\t\t\t\t<div class=\"yotu-video-description\"><\/div>\n\t\t\t\t\t\t\t\t\t<\/a>\n\t\t\t\t\t\t\t<\/li>\n\t\t\t\t\n\t\t\t\t\t\t<li class=\" yotu-last\">\n\t\t\t\t\t\t\t\t<a href=\"#PZxBmX5obiQ\" class=\"yotu-video\" data-videoid=\"PZxBmX5obiQ\" data-title=\"Palha\u00e7os d\\&#039;Opital  TOCAR MAGIA | Diogo Pi\u00e7arra | 2 |\" title=\"Palha\u00e7os d&#039;Opital  TOCAR MAGIA | Diogo Pi\u00e7arra | 2 |\">\n\t\t\t\t\t<div class=\"yotu-video-thumb-wrp\">\n\t\t\t\t\t\t<div>\n\t\t\t\t\t\t\t\t\t\t\t\t\t\t<img decoding=\"async\" class=\"yotu-video-thumb\" src=\"https:\/\/i.ytimg.com\/vi\/PZxBmX5obiQ\/sddefault.jpg\" alt=\"Palha\u00e7os d&#039;Opital  TOCAR MAGIA | Diogo Pi\u00e7arra | 2 |\">\t\n\t\t\t\t\t\t\t\t\t\t\t\t\t<\/div>\n\t\t\t\t\t<\/div>\n\t\t\t\t\t\t\t\t\t\t\t<h3 class=\"yotu-video-title\">Palha\u00e7os d'Opital  TOCAR MAGIA | Diogo Pi\u00e7arra | 2 |<\/h3>\n\t\t\t\t\t\t\t\t\t\t\t\t\t\t\t\t\t\t\t\t\t<div class=\"yotu-video-description\"><\/div>\n\t\t\t\t\t\t\t\t\t<\/a>\n\t\t\t\t\t\t\t<\/li>\n\t\t\t\t\n\t\t\t\t<\/ul>\n<\/div><div class=\"yotu-pagination yotu-pager_layout-default yotu-pagination-bottom\">\n<a href=\"#\" class=\"yotu-pagination-prev yotu-button-prs yotu-button-prs-1\" data-page=\"prev\">Prev<\/a>\n<span class=\"yotu-pagination-current\">1<\/span> <span>of<\/span> <span class=\"yotu-pagination-total\">16<\/span>\n<a href=\"#\" class=\"yotu-pagination-next yotu-button-prs yotu-button-prs-1\" data-page=\"next\">Next<\/a>\n<\/div>\n\t\t\t\t<\/div>\n\t\t\t<\/div>\n<div id=\"gtx-trans\" style=\"position: absolute; left: 262px; top: -10px;\">\n<div class=\"gtx-trans-icon\"><\/div>\n<\/div>\n<p>[\/vc_column_text][\/vc_column][\/vc_row]<\/p>\n","protected":false},"excerpt":{"rendered":"<p>[vc_row][vc_column][vc_column_text] [\/vc_column_text][\/vc_column][\/vc_row]<\/p>\n","protected":false},"author":1,"featured_media":0,"parent":0,"menu_order":0,"comment_status":"closed","ping_status":"closed","template":"","meta":{"footnotes":""},"_links":{"self":[{"href":"https:\/\/www.pdo.pt\/en\/wp-json\/wp\/v2\/pages\/2471"}],"collection":[{"href":"https:\/\/www.pdo.pt\/en\/wp-json\/wp\/v2\/pages"}],"about":[{"href":"https:\/\/www.pdo.pt\/en\/wp-json\/wp\/v2\/types\/page"}],"author":[{"embeddable":true,"href":"https:\/\/www.pdo.pt\/en\/wp-json\/wp\/v2\/users\/1"}],"replies":[{"embeddable":true,"href":"https:\/\/www.pdo.pt\/en\/wp-json\/wp\/v2\/comments?post=2471"}],"version-history":[{"count":2,"href":"https:\/\/www.pdo.pt\/en\/wp-json\/wp\/v2\/pages\/2471\/revisions"}],"predecessor-version":[{"id":2475,"href":"https:\/\/www.pdo.pt\/en\/wp-json\/wp\/v2\/pages\/2471\/revisions\/2475"}],"wp:attachment":[{"href":"https:\/\/www.pdo.pt\/en\/wp-json\/wp\/v2\/media?parent=2471"}],"curies":[{"name":"wp","href":"https:\/\/api.w.org\/{rel}","templated":true}]}}